{"id":7385,"date":"2017-04-13T12:01:40","date_gmt":"2017-04-13T12:01:40","guid":{"rendered":"http:\/\/modeltheme.com\/mt_yankee\/?page_id=7385"},"modified":"2022-01-28T17:18:02","modified_gmt":"2022-01-28T17:18:02","slug":"contact-us","status":"publish","type":"page","link":"https:\/\/mdtanitim.com.tr\/index.php\/contact-us\/","title":{"rendered":"Contact us"},"content":{"rendered":"<p>[vc_row full_width=&#8221;stretch_row&#8221; css=&#8221;.vc_custom_1499415365412{margin-bottom: 0px !important;padding-top: 80px !important;}&#8221;][vc_column width=&#8221;1\/2&#8243; css=&#8221;.vc_custom_1492085383392{margin-bottom: 0px !important;padding-top: 0px !important;}&#8221;][vc_row_inner css=&#8221;.vc_custom_1494585018645{margin-bottom: 50px !important;}&#8221;][vc_column_inner css=&#8221;.vc_custom_1492085338957{margin-bottom: 0px !important;padding-top: 0px !important;}&#8221;][vc_custom_heading text=&#8221;\u0130leti\u015fim&#8221; font_container=&#8221;tag:h2|font_size:50px|text_align:left|color:%23252525|line_height:50px&#8221; google_fonts=&#8221;font_family:Ubuntu%3A300%2C300italic%2Cregular%2Citalic%2C500%2C500italic%2C700%2C700italic|font_style:700%20bold%20regular%3A700%3Anormal&#8221; css_animation=&#8221;fadeInLeft&#8221; css=&#8221;.vc_custom_1634764098944{margin-top: 10px !important;margin-bottom: 0px !important;}&#8221;][\/vc_column_inner][\/vc_row_inner][\/vc_column][\/vc_row][vc_row full_width=&#8221;stretch_row&#8221; css=&#8221;.vc_custom_1499415356477{margin-top: 0px !important;margin-bottom: 0px !important;padding-top: 0px !important;padding-bottom: 80px !important;}&#8221;][vc_column css_animation=&#8221;fadeInLeft&#8221; width=&#8221;1\/2&#8243; el_class=&#8221;text-left&#8221; css=&#8221;.vc_custom_1491996848395{margin-top: 0px !important;padding-top: 0px !important;}&#8221;][vc_column_text css_animation=&#8221;none&#8221; el_class=&#8221;about-me-home2&#8243; css=&#8221;.vc_custom_1634764158016{margin-top: 0px !important;}&#8221;]<span style=\"color: #6b6b6b;\"><strong>\u00d6neri, \u015fikayet ve teklifleriniz i\u00e7in bize ula\u015fabilirsiniz.<\/strong><\/span>[\/vc_column_text][vc_row_inner css=&#8221;.vc_custom_1494589627734{margin-top: 30px !important;margin-bottom: 10px !important;}&#8221;][vc_column_inner width=&#8221;1\/2&#8243; css=&#8221;.vc_custom_1494583400195{margin-bottom: 0px !important;}&#8221;]<div class=\"mt-icon-list-item\"><div class=\"mt-icon-list-icon-holder\">\n                  <div class=\"mt-icon-list-icon-holder-inner clearfix\"><i style=\"margin-right:px; color:#fdc029;font-size:px\" class=\"fa fa-phone\"><\/i><\/div>\n                <\/div>\n                <p class=\"mt-icon-list-text\" style=\"font-size: px; color: #252525\">\u0130stanbul : +90 (212) 466 10 44<\/p><\/div><div class=\"mt-icon-list-item\"><div class=\"mt-icon-list-icon-holder\">\n                  <div class=\"mt-icon-list-icon-holder-inner clearfix\"><i style=\"margin-right:px; color:#fdc029;font-size:px\" class=\"fa fa-phone\"><\/i><\/div>\n                <\/div>\n                <p class=\"mt-icon-list-text\" style=\"font-size: px; color: #252525\">Ankara : +90 (312) 434 05 10<\/p><\/div>[\/vc_column_inner][vc_column_inner width=&#8221;1\/2&#8243; css=&#8221;.vc_custom_1494583507994{margin-bottom: 0px !important;}&#8221;]<div class=\"mt-icon-list-item\"><div class=\"mt-icon-list-icon-holder\">\n                  <div class=\"mt-icon-list-icon-holder-inner clearfix\"><i style=\"margin-right:px; color:#fdc029;font-size:px\" class=\"fa fa-envelope-o\"><\/i><\/div>\n                <\/div>\n                <p class=\"mt-icon-list-text\" style=\"font-size: px; color: #252525\">iletisim@mdtanitim.com.tr<\/p><\/div>[\/vc_column_inner][\/vc_row_inner][vc_row_inner css=&#8221;.vc_custom_1494583571043{margin-bottom: 0px !important;}&#8221;][vc_column_inner width=&#8221;1\/2&#8243; css=&#8221;.vc_custom_1494583515290{margin-bottom: 0px !important;}&#8221;]<div class=\"mt-icon-list-item\"><div class=\"mt-icon-list-icon-holder\">\n                  <div class=\"mt-icon-list-icon-holder-inner clearfix\"><i style=\"margin-right:px; color:#fdc029;font-size:px\" class=\"fa fa-map-marker\"><\/i><\/div>\n                <\/div>\n                <p class=\"mt-icon-list-text\" style=\"font-size: px; color: #252525\">Mecidiyek\u00f6y Mahallesi Mecidiyek\u00f6y yolu caddesi S.Demirsoy apartman\u0131 NO:20 B BLOK kat:5 daire:11, 34387 \u015ei\u015fli\/\u0130stanbul<\/p><\/div>[\/vc_column_inner][vc_column_inner width=&#8221;1\/2&#8243; css=&#8221;.vc_custom_1494583521066{margin-bottom: 0px !important;}&#8221;]<div class=\"mt-icon-list-item\"><div class=\"mt-icon-list-icon-holder\">\n                  <div class=\"mt-icon-list-icon-holder-inner clearfix\"><i style=\"margin-right:px; color:#fdc029;font-size:px\" class=\"fa fa-map-marker\"><\/i><\/div>\n                <\/div>\n                <p class=\"mt-icon-list-text\" style=\"font-size: px; color: #252525\">K\u0131z\u0131lay, Dr. Mediha Eldem Sk. No:33 D:Kat:2 Daire:6, 06530 \u00c7ankaya\/Ankara<\/p><\/div>[\/vc_column_inner][\/vc_row_inner][\/vc_column][vc_column css_animation=&#8221;fadeInRight&#8221; width=&#8221;1\/2&#8243; css=&#8221;.vc_custom_1491996855610{margin-top: 0px !important;padding-top: 0px !important;}&#8221;]\n<div class=\"wpcf7 no-js\" id=\"wpcf7-f7249-o1\" lang=\"en-US\" dir=\"ltr\">\n<div class=\"screen-reader-response\"><p role=\"status\" aria-live=\"polite\" aria-atomic=\"true\"><\/p> <ul><\/ul><\/div>\n<form action=\"\/index.php\/wp-json\/wp\/v2\/pages\/7385#wpcf7-f7249-o1\" method=\"post\" class=\"wpcf7-form init\" aria-label=\"Contact form\" novalidate=\"novalidate\" data-status=\"init\">\n<div style=\"display: none;\">\n<input type=\"hidden\" name=\"_wpcf7\" value=\"7249\" \/>\n<input type=\"hidden\" name=\"_wpcf7_version\" value=\"5.7.5.1\" \/>\n<input type=\"hidden\" name=\"_wpcf7_locale\" value=\"en_US\" \/>\n<input type=\"hidden\" name=\"_wpcf7_unit_tag\" value=\"wpcf7-f7249-o1\" \/>\n<input type=\"hidden\" name=\"_wpcf7_container_post\" value=\"0\" \/>\n<input type=\"hidden\" name=\"_wpcf7_posted_data_hash\" value=\"\" \/>\n<input type=\"hidden\" name=\"_wpcf7_recaptcha_response\" value=\"\" \/>\n<\/div>\n<div class=\"form-contact-wemove\">\n\t<div class=\"form-part1\">\n\t\t<p><span class=\"wpcf7-form-control-wrap\" data-name=\"FirstName\"><input size=\"40\" class=\"wpcf7-form-control wpcf7-text wpcf7-validates-as-required\" aria-required=\"true\" aria-invalid=\"false\" placeholder=\"Ad\u0131n\u0131z\" value=\"\" type=\"text\" name=\"FirstName\" \/><\/span><span class=\"wpcf7-form-control-wrap\" data-name=\"LastName\"><input size=\"40\" class=\"wpcf7-form-control wpcf7-text\" aria-invalid=\"false\" placeholder=\"Soyad\u0131n\u0131z\" value=\"\" type=\"text\" name=\"LastName\" \/><\/span>\n\t\t<\/p>\n\t<\/div>\n\t<div class=\"form-part2\">\n\t\t<p><span class=\"wpcf7-form-control-wrap\" data-name=\"Subject\"><input size=\"40\" class=\"wpcf7-form-control wpcf7-text wpcf7-validates-as-required\" aria-required=\"true\" aria-invalid=\"false\" placeholder=\"Konu\" value=\"\" type=\"text\" name=\"Subject\" \/><\/span><span class=\"wpcf7-form-control-wrap\" data-name=\"email\"><input size=\"40\" class=\"wpcf7-form-control wpcf7-text wpcf7-email wpcf7-validates-as-required wpcf7-validates-as-email\" aria-required=\"true\" aria-invalid=\"false\" placeholder=\"Email\" value=\"\" type=\"email\" name=\"email\" \/><\/span>\n\t\t<\/p>\n\t<\/div>\n\t<p><span class=\"wpcf7-form-control-wrap\" data-name=\"Message\"><textarea cols=\"40\" rows=\"10\" class=\"wpcf7-form-control wpcf7-textarea wpcf7-validates-as-required\" aria-required=\"true\" aria-invalid=\"false\" placeholder=\"Mesaj\u0131n\u0131z\" name=\"Message\"><\/textarea><\/span><br \/>\n<button type=\"submit\" class=\"submit-contact\">G\u00f6nder<i class=\"fa fa-long-arrow-right\" aria-hidden=\"true\"><\/i><\/button>\n\t<\/p>\n<\/div><div class=\"wpcf7-response-output\" aria-hidden=\"true\"><\/div>\n<\/form>\n<\/div>\n[\/vc_column][\/vc_row][vc_row full_width=&#8221;stretch_row_content_no_spaces&#8221; css=&#8221;.vc_custom_1499415249308{margin-top: 0px !important;margin-bottom: 0px !important;padding-top: 0px !important;padding-bottom: 0px !important;background-color: #f8f6f9 !important;}&#8221;][vc_column css_animation=&#8221;fadeIn&#8221; el_class=&#8221;text-center contact-us-back&#8221; css=&#8221;.vc_custom_1494837461905{margin-top: 0px !important;margin-right: 0px !important;margin-bottom: 0px !important;margin-left: 0px !important;padding-top: 0px !important;padding-right: 0px !important;padding-bottom: 0px !important;padding-left: 0px !important;background-image: url(http:\/\/wemove.modeltheme.com\/wp-content\/uploads\/2017\/04\/contact-us-bg.jpg?id=7946) !important;}&#8221;][vc_row_inner][vc_column_inner width=&#8221;1\/3&#8243;][vc_gmaps link=&#8221;#E-8_JTNDaWZyYW1lJTIwc3JjJTNEJTIyaHR0cHMlM0ElMkYlMkZ3d3cuZ29vZ2xlLmNvbSUyRm1hcHMlMkZlbWJlZCUzRnBiJTNEJTIxMW0xOCUyMTFtMTIlMjExbTMlMjExZDMwMDguMDY2NzgwNzg0ODY5JTIxMmQyOC45ODgxMzkyMTU0MTU4ODglMjEzZDQxLjA2NzUzMjg3OTI5NDcyJTIxMm0zJTIxMWYwJTIxMmYwJTIxM2YwJTIxM20yJTIxMWkxMDI0JTIxMmk3NjglMjE0ZjEzLjElMjEzbTMlMjExbTIlMjExczB4MCUyNTNBMHg2MjIxNDRlNzJiMTNhMzkxJTIxMnpUU1pFSUZSaGJzU3hkTVN4YlNCUGNtZGhibWw2WVhONWIyNCUyMTVlMCUyMTNtMiUyMTFzdHIlMjEyc3RyJTIxNHYxNjM0NTE5MjA4MzUzJTIxNW0yJTIxMXN0ciUyMTJzdHIlMjIlMjB3aWR0aCUzRCUyMjYwMCUyMiUyMGhlaWdodCUzRCUyMjQ1MCUyMiUyMHN0eWxlJTNEJTIyYm9yZGVyJTNBMCUzQiUyMiUyMGFsbG93ZnVsbHNjcmVlbiUzRCUyMiUyMiUyMGxvYWRpbmclM0QlMjJsYXp5JTIyJTNFJTNDJTJGaWZyYW1lJTNF&#8221; title=&#8221;\u0130stanbul&#8221;][\/vc_column_inner][vc_column_inner width=&#8221;1\/3&#8243;][\/vc_column_inner][vc_column_inner width=&#8221;1\/3&#8243;][vc_gmaps link=&#8221;#E-8_JTNDaWZyYW1lJTIwc3JjJTNEJTIyaHR0cHMlM0ElMkYlMkZ3d3cuZ29vZ2xlLmNvbSUyRm1hcHMlMkZlbWJlZCUzRnBiJTNEJTIxMW0xOCUyMTFtMTIlMjExbTMlMjExZDc2NC45NzY0NjE0ODIwMzUyJTIxMmQzMi44NTkxMjg3MjkyNTA0OCUyMTNkMzkuOTIxMTIzMTk4NzE0MTA2JTIxMm0zJTIxMWYwJTIxMmYwJTIxM2YwJTIxM20yJTIxMWkxMDI0JTIxMmk3NjglMjE0ZjEzLjElMjEzbTMlMjExbTIlMjExczB4MTRkMzRmOWU1OGI4MWY2MSUyNTNBMHgyYTEzNjdlMmRlZTI3Mjk3JTIxMnpUU1pFSUZSaGJzU3hkTVN4YlNCUGNtZGhibWw2WVhONWIyNCUyMTVlMCUyMTNtMiUyMTFzdHIlMjEyc3RyJTIxNHYxNjM0NTEzMTM0NzYyJTIxNW0yJTIxMXN0ciUyMTJzdHIlMjIlMjB3aWR0aCUzRCUyMjYwMCUyMiUyMGhlaWdodCUzRCUyMjQ1MCUyMiUyMHN0eWxlJTNEJTIyYm9yZGVyJTNBMCUzQiUyMiUyMGFsbG93ZnVsbHNjcmVlbiUzRCUyMiUyMiUyMGxvYWRpbmclM0QlMjJsYXp5JTIyJTNFJTNDJTJGaWZyYW1lJTNF&#8221; title=&#8221;Ankara&#8221;][\/vc_column_inner][\/vc_row_inner][\/vc_column][\/vc_row]<\/p>\n","protected":false},"excerpt":{"rendered":"<p>[vc_row full_width=&#8221;stretch_row&#8221; css=&#8221;.vc_custom_1499415365412{margin-bottom: 0px !important;padding-top: 80px !important;}&#8221;][vc_column width=&#8221;1\/2&#8243; css=&#8221;.vc_custom_1492085383392{margin-bottom: 0px !important;padding-top: 0px !important;}&#8221;][vc_row_inner css=&#8221;.vc_custom_1494585018645{margin-bottom: 50px !important;}&#8221;][vc_column_inner css=&#8221;.vc_custom_1492085338957{margin-bottom: 0px !important;padding-top: 0px !important;}&#8221;][vc_custom_heading text=&#8221;\u0130leti\u015fim&#8221; font_container=&#8221;tag:h2|font_size:50px|text_align:left|color:%23252525|line_height:50px&#8221; google_fonts=&#8221;font_family:Ubuntu%3A300%2C300italic%2Cregular%2Citalic%2C500%2C500italic%2C700%2C700italic|font_style:700%20bold%20regular%3A700%3Anormal&#8221; css_animation=&#8221;fadeInLeft&#8221; css=&#8221;.vc_custom_1634764098944{margin-top: 10px !important;margin-bottom: 0px !important;}&#8221;][\/vc_column_inner][\/vc_row_inner][\/vc_column][\/vc_row][vc_row full_width=&#8221;stretch_row&#8221; css=&#8221;.vc_custom_1499415356477{margin-top: 0px !important;margin-bottom: 0px !important;padding-top: 0px !important;padding-bottom: 80px !important;}&#8221;][vc_column css_animation=&#8221;fadeInLeft&#8221; width=&#8221;1\/2&#8243; el_class=&#8221;text-left&#8221; css=&#8221;.vc_custom_1491996848395{margin-top: 0px !important;padding-top: 0px !important;}&#8221;][vc_column_text css_animation=&#8221;none&#8221; el_class=&#8221;about-me-home2&#8243; css=&#8221;.vc_custom_1634764158016{margin-top: 0px !important;}&#8221;]\u00d6neri, \u015fikayet ve [&hellip;]<\/p>\n","protected":false},"author":1,"featured_media":0,"parent":0,"menu_order":0,"comment_status":"closed","ping_status":"closed","template":"","meta":{"footnotes":""},"class_list":["post-7385","page","type-page","status-publish","hentry"],"_links":{"self":[{"href":"https:\/\/mdtanitim.com.tr\/index.php\/wp-json\/wp\/v2\/pages\/7385","targetHints":{"allow":["GET"]}}],"collection":[{"href":"https:\/\/mdtanitim.com.tr\/index.php\/wp-json\/wp\/v2\/pages"}],"about":[{"href":"https:\/\/mdtanitim.com.tr\/index.php\/wp-json\/wp\/v2\/types\/page"}],"author":[{"embeddable":true,"href":"https:\/\/mdtanitim.com.tr\/index.php\/wp-json\/wp\/v2\/users\/1"}],"replies":[{"embeddable":true,"href":"https:\/\/mdtanitim.com.tr\/index.php\/wp-json\/wp\/v2\/comments?post=7385"}],"version-history":[{"count":28,"href":"https:\/\/mdtanitim.com.tr\/index.php\/wp-json\/wp\/v2\/pages\/7385\/revisions"}],"predecessor-version":[{"id":8626,"href":"https:\/\/mdtanitim.com.tr\/index.php\/wp-json\/wp\/v2\/pages\/7385\/revisions\/8626"}],"wp:attachment":[{"href":"https:\/\/mdtanitim.com.tr\/index.php\/wp-json\/wp\/v2\/media?parent=7385"}],"curies":[{"name":"wp","href":"https:\/\/api.w.org\/{rel}","templated":true}]}}